{"id":487,"date":"2024-05-27T15:28:18","date_gmt":"2024-05-27T18:28:18","guid":{"rendered":"https:\/\/spfly.com.br\/servicios\/"},"modified":"2024-10-17T12:05:22","modified_gmt":"2024-10-17T15:05:22","slug":"servicios","status":"publish","type":"page","link":"https:\/\/spfly.com.br\/es\/servicios\/","title":{"rendered":"SERVICIOS"},"content":{"rendered":"\t\t<div data-elementor-type=\"wp-page\" data-elementor-id=\"487\" class=\"elementor elementor-487\" data-elementor-post-type=\"page\">\n\t\t\t\t\t\t<section class=\"elementor-section elementor-top-section elementor-element elementor-element-6690f909 elementor-section-boxed elementor-section-height-default elementor-section-height-default\" data-id=\"6690f909\" data-element_type=\"section\" data-e-type=\"section\" data-settings=\"{&quot;background_background&quot;:&quot;classic&quot;}\">\n\t\t\t\t\t\t\t<div class=\"elementor-background-overlay\"><\/div>\n\t\t\t\t\t\t\t<div class=\"elementor-container elementor-column-gap-default\">\n\t\t\t\t\t<div class=\"elementor-column elementor-col-100 elementor-top-column elementor-element elementor-element-3dc130bc\" data-id=\"3dc130bc\" data-element_type=\"column\" data-e-type=\"column\">\n\t\t\t<div class=\"elementor-widget-wrap elementor-element-populated\">\n\t\t\t\t\t\t<div class=\"elementor-element elementor-element-21a0aa03 elementor-icon-list--layout-inline elementor-align-center elementor-list-item-link-full_width elementor-invisible elementor-widget elementor-widget-icon-list\" data-id=\"21a0aa03\" data-element_type=\"widget\" data-e-type=\"widget\" data-settings=\"{&quot;_animation&quot;:&quot;fadeInDown&quot;}\" data-widget_type=\"icon-list.default\">\n\t\t\t\t<div class=\"elementor-widget-container\">\n\t\t\t\t\t\t\t<ul class=\"elementor-icon-list-items elementor-inline-items\">\n\t\t\t\t\t\t\t<li class=\"elementor-icon-list-item elementor-inline-item\">\n\t\t\t\t\t\t\t\t\t\t\t<a href=\"#\">\n\n\t\t\t\t\t\t\t\t\t\t\t<span class=\"elementor-icon-list-text\">Home<\/span>\n\t\t\t\t\t\t\t\t\t\t\t<\/a>\n\t\t\t\t\t\t\t\t\t<\/li>\n\t\t\t\t\t\t\t\t<li class=\"elementor-icon-list-item elementor-inline-item\">\n\t\t\t\t\t\t\t\t\t\t\t<span class=\"elementor-icon-list-icon\">\n\t\t\t\t\t\t\t<i aria-hidden=\"true\" class=\"mdi mdi-arrow-top-right-thick\"><\/i>\t\t\t\t\t\t<\/span>\n\t\t\t\t\t\t\t\t\t\t<span class=\"elementor-icon-list-text\">Servicios<\/span>\n\t\t\t\t\t\t\t\t\t<\/li>\n\t\t\t\t\t\t<\/ul>\n\t\t\t\t\t\t<\/div>\n\t\t\t\t<\/div>\n\t\t\t\t<div class=\"elementor-element elementor-element-7c8fc6b6 elementor-invisible elementor-widget elementor-widget-heading\" data-id=\"7c8fc6b6\" data-element_type=\"widget\" data-e-type=\"widget\" data-settings=\"{&quot;_animation&quot;:&quot;fadeInUp&quot;}\" data-widget_type=\"heading.default\">\n\t\t\t\t<div class=\"elementor-widget-container\">\n\t\t\t\t\t<h2 class=\"elementor-heading-title elementor-size-default\">Nuestros Servicios<\/h2>\t\t\t\t<\/div>\n\t\t\t\t<\/div>\n\t\t\t\t\t<\/div>\n\t\t<\/div>\n\t\t\t\t\t<\/div>\n\t\t<\/section>\n\t\t\t\t<section class=\"elementor-section elementor-top-section elementor-element elementor-element-a973d87 elementor-section-boxed elementor-section-height-default elementor-section-height-default\" data-id=\"a973d87\" data-element_type=\"section\" data-e-type=\"section\" data-settings=\"{&quot;background_background&quot;:&quot;classic&quot;}\">\n\t\t\t\t\t\t\t<div class=\"elementor-background-overlay\"><\/div>\n\t\t\t\t\t\t\t<div class=\"elementor-container elementor-column-gap-default\">\n\t\t\t\t\t<div class=\"elementor-column elementor-col-100 elementor-top-column elementor-element elementor-element-d04e50c\" data-id=\"d04e50c\" data-element_type=\"column\" data-e-type=\"column\">\n\t\t\t<div class=\"elementor-widget-wrap elementor-element-populated\">\n\t\t\t\t\t\t<section class=\"elementor-section elementor-inner-section elementor-element elementor-element-48f7d86 elementor-section-boxed elementor-section-height-default elementor-section-height-default elementor-invisible\" data-id=\"48f7d86\" data-element_type=\"section\" data-e-type=\"section\" data-settings=\"{&quot;animation&quot;:&quot;fadeInUp&quot;}\">\n\t\t\t\t\t\t<div class=\"elementor-container elementor-column-gap-default\">\n\t\t\t\t\t<div class=\"elementor-column elementor-col-100 elementor-inner-column elementor-element elementor-element-ff19d2c\" data-id=\"ff19d2c\" data-element_type=\"column\" data-e-type=\"column\" data-settings=\"{&quot;animation&quot;:&quot;none&quot;}\">\n\t\t\t<div class=\"elementor-widget-wrap elementor-element-populated\">\n\t\t\t\t\t\t<div class=\"elementor-element elementor-element-856b486 elementor-widget elementor-widget-heading\" data-id=\"856b486\" data-element_type=\"widget\" data-e-type=\"widget\" data-widget_type=\"heading.default\">\n\t\t\t\t<div class=\"elementor-widget-container\">\n\t\t\t\t\t<h2 class=\"elementor-heading-title elementor-size-default\">Servicios SPFLY<\/h2>\t\t\t\t<\/div>\n\t\t\t\t<\/div>\n\t\t\t\t<div class=\"elementor-element elementor-element-f9666d0 elementor-widget elementor-widget-heading\" data-id=\"f9666d0\" data-element_type=\"widget\" data-e-type=\"widget\" data-settings=\"{&quot;_animation&quot;:&quot;none&quot;}\" data-widget_type=\"heading.default\">\n\t\t\t\t<div class=\"elementor-widget-container\">\n\t\t\t\t\t<h3 class=\"elementor-heading-title elementor-size-default\">Referencia en el mercado de Log\u00edstica y Transporte con su marca\nasociado a agilidad, confiabilidad, rentabilidad y seguridad.<\/h3>\t\t\t\t<\/div>\n\t\t\t\t<\/div>\n\t\t\t\t\t<\/div>\n\t\t<\/div>\n\t\t\t\t\t<\/div>\n\t\t<\/section>\n\t\t\t\t<section class=\"elementor-section elementor-inner-section elementor-element elementor-element-a5cb13b elementor-section-boxed elementor-section-height-default elementor-section-height-default\" data-id=\"a5cb13b\" data-element_type=\"section\" data-e-type=\"section\">\n\t\t\t\t\t\t<div class=\"elementor-container elementor-column-gap-default\">\n\t\t\t\t\t<div class=\"elementor-column elementor-col-33 elementor-inner-column elementor-element elementor-element-6346027 elementor-invisible\" data-id=\"6346027\" data-element_type=\"column\" data-e-type=\"column\" data-settings=\"{&quot;animation&quot;:&quot;fadeInLeft&quot;,&quot;animation_delay&quot;:720}\">\n\t\t\t<div class=\"elementor-widget-wrap elementor-element-populated\">\n\t\t\t\t\t\t<div class=\"elementor-element elementor-element-c0cf8c0 ekit-equal-height-disable elementor-widget elementor-widget-elementskit-image-box\" data-id=\"c0cf8c0\" data-element_type=\"widget\" data-e-type=\"widget\" data-widget_type=\"elementskit-image-box.default\">\n\t\t\t\t<div class=\"elementor-widget-container\">\n\t\t\t\t\t<div class=\"ekit-wid-con\" >\n            <div class=\"elementskit-info-image-box ekit-image-box text-left simple-card\" >\n\n                \n                <div class=\"elementskit-box-header image-box-img-left\">\n\n                    <img fetchpriority=\"high\" decoding=\"async\" width=\"1280\" height=\"853\" src=\"https:\/\/spfly.com.br\/wp-content\/uploads\/2024\/06\/img-spfly-3.png\" class=\"attachment-full size-full wp-image-231\" alt=\"\" srcset=\"https:\/\/spfly.com.br\/wp-content\/uploads\/2024\/06\/img-spfly-3.png 1280w, https:\/\/spfly.com.br\/wp-content\/uploads\/2024\/06\/img-spfly-3-300x200.png 300w, https:\/\/spfly.com.br\/wp-content\/uploads\/2024\/06\/img-spfly-3-1024x682.png 1024w, https:\/\/spfly.com.br\/wp-content\/uploads\/2024\/06\/img-spfly-3-768x512.png 768w\" sizes=\"(max-width: 1280px) 100vw, 1280px\" \/>\n                <\/div>\n                \n                <div class=\"elementskit-box-body ekit-image-box-body\">\n                    <div class=\"elementskit-box-content ekit-image-box-body-inner\">\n                                                <h3 class=\"elementskit-info-box-title\">\n\n                        Transporte Multimodal\n                        \n                    <\/h3>\n                                                            <div class=\"elementskit-box-style-content\">\n                        Operamos en todo el territorio nacional, con alto desempe\u00f1o en el cumplimiento de los plazos acordados y velando por la integridad de la mercanc\u00eda.<\/br><\/br>\n\nAire.<\/br>\nRodovi\u00e1rio Expresso.<\/br>\nVeh\u00edculos dedicados y exclusivos.<\/br>\nOperaciones programadas.<\/br>\nLog\u00edstica Inversa.<\/br>                    <\/div>\n                                    <\/div>\n\n                                <div class=\"elementskit-box-footer\">\n                    <div class=\"box-footer\">\n                        <div class=\"btn-wraper\">\n                                                            <a href=\"https:\/\/spfly.com.br\/cotacao\" class=\"elementskit-btn whitespace--normal\">\n                                    \n                                    \n                                    Precio                                <\/a>\n                                                        <\/div>\n                    <\/div>\n                <\/div>\n                            <\/div>\n            <\/div>\n    <\/div>\t\t\t\t<\/div>\n\t\t\t\t<\/div>\n\t\t\t\t\t<\/div>\n\t\t<\/div>\n\t\t\t\t<div class=\"elementor-column elementor-col-33 elementor-inner-column elementor-element elementor-element-44e623c elementor-invisible\" data-id=\"44e623c\" data-element_type=\"column\" data-e-type=\"column\" data-settings=\"{&quot;animation&quot;:&quot;fadeInLeft&quot;,&quot;animation_delay&quot;:480}\">\n\t\t\t<div class=\"elementor-widget-wrap elementor-element-populated\">\n\t\t\t\t\t\t<div class=\"elementor-element elementor-element-c250da8 ekit-equal-height-disable elementor-widget elementor-widget-elementskit-image-box\" data-id=\"c250da8\" data-element_type=\"widget\" data-e-type=\"widget\" data-widget_type=\"elementskit-image-box.default\">\n\t\t\t\t<div class=\"elementor-widget-container\">\n\t\t\t\t\t<div class=\"ekit-wid-con\" >\n            <div class=\"elementskit-info-image-box ekit-image-box text-left simple-card\" >\n\n                \n                <div class=\"elementskit-box-header image-box-img-left\">\n\n                    <img decoding=\"async\" width=\"1280\" height=\"853\" src=\"https:\/\/spfly.com.br\/wp-content\/uploads\/2024\/06\/img-spfly-4.png\" class=\"attachment-full size-full wp-image-232\" alt=\"\" srcset=\"https:\/\/spfly.com.br\/wp-content\/uploads\/2024\/06\/img-spfly-4.png 1280w, https:\/\/spfly.com.br\/wp-content\/uploads\/2024\/06\/img-spfly-4-300x200.png 300w, https:\/\/spfly.com.br\/wp-content\/uploads\/2024\/06\/img-spfly-4-1024x682.png 1024w, https:\/\/spfly.com.br\/wp-content\/uploads\/2024\/06\/img-spfly-4-768x512.png 768w\" sizes=\"(max-width: 1280px) 100vw, 1280px\" \/>\n                <\/div>\n                \n                <div class=\"elementskit-box-body ekit-image-box-body\">\n                    <div class=\"elementskit-box-content ekit-image-box-body-inner\">\n                                                <h3 class=\"elementskit-info-box-title\">\n\n                        Almacenamiento y Log\u00edstica\n                        \n                    <\/h3>\n                                                            <div class=\"elementskit-box-style-content\">\n                        Centro Log\u00edstico de 10.000 m2, ubicado en el condominio CLG (Centro Log\u00edstico de Guarulhos) junto al aeropuerto de Guarulhos.<\/br><\/br>\n\nControl de inventario.<\/br>\nRecepci\u00f3n y env\u00edo.<\/br>\nInventario.<\/br>\nProyecci\u00f3n.<\/br>\nMontaje del kit.<\/br>\nManejo.<\/br>\ncomercio electr\u00f3nico.<\/br>                    <\/div>\n                                    <\/div>\n\n                                <div class=\"elementskit-box-footer\">\n                    <div class=\"box-footer\">\n                        <div class=\"btn-wraper\">\n                                                            <a href=\"https:\/\/spfly.com.br\/\" class=\"elementskit-btn whitespace--normal\">\n                                    \n                                    \n                                    Precio                                <\/a>\n                                                        <\/div>\n                    <\/div>\n                <\/div>\n                            <\/div>\n            <\/div>\n    <\/div>\t\t\t\t<\/div>\n\t\t\t\t<\/div>\n\t\t\t\t\t<\/div>\n\t\t<\/div>\n\t\t\t\t<div class=\"elementor-column elementor-col-33 elementor-inner-column elementor-element elementor-element-8706a00 elementor-invisible\" data-id=\"8706a00\" data-element_type=\"column\" data-e-type=\"column\" data-settings=\"{&quot;animation&quot;:&quot;fadeInLeft&quot;,&quot;animation_delay&quot;:240}\">\n\t\t\t<div class=\"elementor-widget-wrap elementor-element-populated\">\n\t\t\t\t\t\t<div class=\"elementor-element elementor-element-58d0603 ekit-equal-height-disable elementor-widget elementor-widget-elementskit-image-box\" data-id=\"58d0603\" data-element_type=\"widget\" data-e-type=\"widget\" data-widget_type=\"elementskit-image-box.default\">\n\t\t\t\t<div class=\"elementor-widget-container\">\n\t\t\t\t\t<div class=\"ekit-wid-con\" >\n            <div class=\"elementskit-info-image-box ekit-image-box text-left simple-card\" >\n\n                \n                <div class=\"elementskit-box-header image-box-img-left\">\n\n                    <img decoding=\"async\" width=\"1280\" height=\"853\" src=\"https:\/\/spfly.com.br\/wp-content\/uploads\/2024\/06\/img-spfly-5.png\" class=\"attachment-full size-full wp-image-230\" alt=\"\" srcset=\"https:\/\/spfly.com.br\/wp-content\/uploads\/2024\/06\/img-spfly-5.png 1280w, https:\/\/spfly.com.br\/wp-content\/uploads\/2024\/06\/img-spfly-5-300x200.png 300w, https:\/\/spfly.com.br\/wp-content\/uploads\/2024\/06\/img-spfly-5-1024x682.png 1024w, https:\/\/spfly.com.br\/wp-content\/uploads\/2024\/06\/img-spfly-5-768x512.png 768w\" sizes=\"(max-width: 1280px) 100vw, 1280px\" \/>\n                <\/div>\n                \n                <div class=\"elementskit-box-body ekit-image-box-body\">\n                    <div class=\"elementskit-box-content ekit-image-box-body-inner\">\n                                                <h3 class=\"elementskit-info-box-title\">\n\n                        Servicios Exclusivos\n                        \n                    <\/h3>\n                                                            <div class=\"elementskit-box-style-content\">\n                        Organizaci\u00f3n, montaje y seguimiento de eventos como Friendly &amp; Family, Staff Sales, Preestrenos de Cine, Tiendas POP UP, Ferias, Convenciones, entre otros.<\/br><\/br>\n\nInventario entrante y devuelto de mercanc\u00edas destinadas al evento.<\/br>\nRecogida en DC o tiendas, entrega y recogida de mercanc\u00eda en el lugar del evento.<\/br>\nProspecci\u00f3n, negociaci\u00f3n y arrendamiento de espacios sugeridos para el evento.<\/br>\nAlquiler de toda la infraestructura necesaria como probadores, racks, espejos, entre otros.<\/br>\nMano de obra calificada para montaje y desmontaje.<\/br>\nAsistencia en la atenci\u00f3n a los invitados durante el evento.                    <\/div>\n                                    <\/div>\n\n                                <div class=\"elementskit-box-footer\">\n                    <div class=\"box-footer\">\n                        <div class=\"btn-wraper\">\n                                                            <a href=\"https:\/\/spfly.com.br\/\" class=\"elementskit-btn whitespace--normal\">\n                                    \n                                    \n                                    Precio                                <\/a>\n                                                        <\/div>\n                    <\/div>\n                <\/div>\n                            <\/div>\n            <\/div>\n    <\/div>\t\t\t\t<\/div>\n\t\t\t\t<\/div>\n\t\t\t\t\t<\/div>\n\t\t<\/div>\n\t\t\t\t\t<\/div>\n\t\t<\/section>\n\t\t\t\t\t<\/div>\n\t\t<\/div>\n\t\t\t\t\t<\/div>\n\t\t<\/section>\n\t\t\t\t<section class=\"elementor-section elementor-top-section elementor-element elementor-element-19ad4aa elementor-reverse-mobile elementor-section-boxed elementor-section-height-default elementor-section-height-default\" data-id=\"19ad4aa\" data-element_type=\"section\" data-e-type=\"section\" data-settings=\"{&quot;background_background&quot;:&quot;classic&quot;}\">\n\t\t\t\t\t\t\t<div class=\"elementor-background-overlay\"><\/div>\n\t\t\t\t\t\t\t<div class=\"elementor-container elementor-column-gap-default\">\n\t\t\t\t\t<div class=\"elementor-column elementor-col-100 elementor-top-column elementor-element elementor-element-33cf542\" data-id=\"33cf542\" data-element_type=\"column\" data-e-type=\"column\">\n\t\t\t<div class=\"elementor-widget-wrap elementor-element-populated\">\n\t\t\t\t\t\t<section class=\"elementor-section elementor-inner-section elementor-element elementor-element-2f0ee60 elementor-reverse-mobile elementor-section-boxed elementor-section-height-default elementor-section-height-default\" data-id=\"2f0ee60\" data-element_type=\"section\" data-e-type=\"section\">\n\t\t\t\t\t\t<div class=\"elementor-container elementor-column-gap-default\">\n\t\t\t\t\t<div class=\"elementor-column elementor-col-50 elementor-inner-column elementor-element elementor-element-add5676 elementor-invisible\" data-id=\"add5676\" data-element_type=\"column\" data-e-type=\"column\" data-settings=\"{&quot;animation&quot;:&quot;fadeInRight&quot;}\">\n\t\t\t<div class=\"elementor-widget-wrap elementor-element-populated\">\n\t\t\t\t\t\t<div class=\"elementor-element elementor-element-61bd11c elementor-widget elementor-widget-heading\" data-id=\"61bd11c\" data-element_type=\"widget\" data-e-type=\"widget\" data-settings=\"{&quot;_animation&quot;:&quot;none&quot;}\" data-widget_type=\"heading.default\">\n\t\t\t\t<div class=\"elementor-widget-container\">\n\t\t\t\t\t<h2 class=\"elementor-heading-title elementor-size-default\">Un referente en el mercado de la Log\u00edstica y el Transporte, con su marca asociada a la agilidad.<\/h2>\t\t\t\t<\/div>\n\t\t\t\t<\/div>\n\t\t\t\t<div class=\"elementor-element elementor-element-e525da5 elementor-widget elementor-widget-text-editor\" data-id=\"e525da5\" data-element_type=\"widget\" data-e-type=\"widget\" data-widget_type=\"text-editor.default\">\n\t\t\t\t<div class=\"elementor-widget-container\">\n\t\t\t\t\t\t\t\t\t<p>El \u00e9xito de una empresa no depende exclusivamente de la calidad de sus productos y servicios para ser considerada exitosa. En SPFLY creemos que el \u00e9xito est\u00e1 ligado a la credibilidad y para ello hemos hecho un compromiso imprescindible con la cultura de una Empresa moderna: el compromiso con la \u00e9tica.<\/p>\t\t\t\t\t\t\t\t<\/div>\n\t\t\t\t<\/div>\n\t\t\t\t<div class=\"elementor-element elementor-element-6332d1c elementor-mobile-align-center elementor-widget elementor-widget-button\" data-id=\"6332d1c\" data-element_type=\"widget\" data-e-type=\"widget\" data-widget_type=\"button.default\">\n\t\t\t\t<div class=\"elementor-widget-container\">\n\t\t\t\t\t\t\t\t\t<div class=\"elementor-button-wrapper\">\n\t\t\t\t\t<a class=\"elementor-button elementor-button-link elementor-size-md\" href=\"https:\/\/spfly.com.br\/cotacao\/\">\n\t\t\t\t\t\t<span class=\"elementor-button-content-wrapper\">\n\t\t\t\t\t\t\t\t\t<span class=\"elementor-button-text\">PRECIO<\/span>\n\t\t\t\t\t<\/span>\n\t\t\t\t\t<\/a>\n\t\t\t\t<\/div>\n\t\t\t\t\t\t\t\t<\/div>\n\t\t\t\t<\/div>\n\t\t\t\t\t<\/div>\n\t\t<\/div>\n\t\t\t\t<div class=\"elementor-column elementor-col-50 elementor-inner-column elementor-element elementor-element-7340e3e\" data-id=\"7340e3e\" data-element_type=\"column\" data-e-type=\"column\">\n\t\t\t<div class=\"elementor-widget-wrap\">\n\t\t\t\t\t\t\t<\/div>\n\t\t<\/div>\n\t\t\t\t\t<\/div>\n\t\t<\/section>\n\t\t\t\t\t<\/div>\n\t\t<\/div>\n\t\t\t\t\t<\/div>\n\t\t<\/section>\n\t\t\t\t<\/div>\n\t\t","protected":false},"excerpt":{"rendered":"<p>Home Servicios Nuestros Servicios Servicios SPFLY Referencia en el mercado de Log\u00edstica y Transporte con su marca asociado a agilidad, confiabilidad, rentabilidad y seguridad. Transporte Multimodal Operamos en todo el territorio nacional, con alto desempe\u00f1o en el cumplimiento de los plazos acordados y velando por la integridad de la mercanc\u00eda. Aire. Rodovi\u00e1rio Expresso. Veh\u00edculos dedicados &hellip; <a href=\"https:\/\/spfly.com.br\/es\/servicios\/\" class=\"more-link\">Sigue leyendo <span class=\"screen-reader-text\">SERVICIOS<\/span><\/a><\/p>\n","protected":false},"author":1,"featured_media":0,"parent":0,"menu_order":0,"comment_status":"closed","ping_status":"closed","template":"elementor_header_footer","meta":{"footnotes":""},"class_list":["post-487","page","type-page","status-publish","hentry"],"_links":{"self":[{"href":"https:\/\/spfly.com.br\/es\/wp-json\/wp\/v2\/pages\/487","targetHints":{"allow":["GET"]}}],"collection":[{"href":"https:\/\/spfly.com.br\/es\/wp-json\/wp\/v2\/pages"}],"about":[{"href":"https:\/\/spfly.com.br\/es\/wp-json\/wp\/v2\/types\/page"}],"author":[{"embeddable":true,"href":"https:\/\/spfly.com.br\/es\/wp-json\/wp\/v2\/users\/1"}],"replies":[{"embeddable":true,"href":"https:\/\/spfly.com.br\/es\/wp-json\/wp\/v2\/comments?post=487"}],"version-history":[{"count":6,"href":"https:\/\/spfly.com.br\/es\/wp-json\/wp\/v2\/pages\/487\/revisions"}],"predecessor-version":[{"id":649,"href":"https:\/\/spfly.com.br\/es\/wp-json\/wp\/v2\/pages\/487\/revisions\/649"}],"wp:attachment":[{"href":"https:\/\/spfly.com.br\/es\/wp-json\/wp\/v2\/media?parent=487"}],"curies":[{"name":"wp","href":"https:\/\/api.w.org\/{rel}","templated":true}]}}